{"id":75,"date":"2020-09-18T18:17:34","date_gmt":"2020-09-18T16:17:34","guid":{"rendered":"http:\/\/drzenkl.cz\/?page_id=75"},"modified":"2020-10-27T20:07:18","modified_gmt":"2020-10-27T19:07:18","slug":"reference","status":"publish","type":"page","link":"http:\/\/drzenkl.cz\/?page_id=75","title":{"rendered":"Reference"},"content":{"rendered":"<p>[et_pb_section fb_built=&#8220;1&#8243; fullwidth=&#8220;on&#8220; admin_label=&#8220;Header&#8220; _builder_version=&#8220;4.6.2&#8243; background_image=&#8220;http:\/\/drzenkl.cz\/wp-content\/uploads\/2020\/09\/vlak-1-e1602004858166.jpg&#8220; box_shadow_style=&#8220;preset7&#8243; box_shadow_horizontal=&#8220;0px&#8220; box_shadow_vertical=&#8220;-80px&#8220; box_shadow_color=&#8220;#000000&#8243;][et_pb_fullwidth_header title=&#8220;Reference&#8220; subhead=&#8220;Provozujeme vle\u010dky a m\u00edstn\u00ed dr\u00e1hy od roku 1994&#8243; button_two_url=&#8220;\/?page_id=77&#8243; logo_image_url=&#8220;http:\/\/drzenkl.cz\/wp-content\/uploads\/2020\/10\/electrician_04.png&#8220; content_max_width=&#8220;700px&#8220; _builder_version=&#8220;4.6.2&#8243; title_font=&#8220;Libre Franklin|700|||||||&#8220; title_font_size=&#8220;49px&#8220; title_line_height=&#8220;1.2em&#8220; subhead_font=&#8220;|600|||||||&#8220; subhead_text_color=&#8220;#ffb400&#8243; subhead_font_size=&#8220;20px&#8220; background_color=&#8220;rgba(0,0,0,0)&#8220; use_background_color_gradient=&#8220;on&#8220; background_color_gradient_start=&#8220;rgba(0,0,0,0)&#8220; background_color_gradient_end=&#8220;rgba(0,0,0,0.9)&#8220; background_color_gradient_type=&#8220;radial&#8220; background_color_gradient_direction_radial=&#8220;right&#8220; background_color_gradient_start_position=&#8220;10%&#8220; background_color_gradient_end_position=&#8220;60%&#8220; background_image=&#8220;http:\/\/drzenkl.cz\/wp-content\/uploads\/2020\/10\/electrician_17.png&#8220; background_position=&#8220;bottom_center&#8220; custom_button_one=&#8220;on&#8220; button_one_text_size=&#8220;14px&#8220; button_one_text_color=&#8220;#ffffff&#8220; button_one_bg_color=&#8220;#004ffe&#8220; button_one_border_width=&#8220;20px&#8220; button_one_border_color=&#8220;rgba(0,0,0,0)&#8220; button_one_border_radius=&#8220;0px&#8220; button_one_letter_spacing=&#8220;3px&#8220; button_one_font=&#8220;Libre Franklin|700||on|||||&#8220; button_one_icon=&#8220;%%3%%&#8220; custom_button_two=&#8220;on&#8220; button_two_text_size=&#8220;14px&#8220; button_two_text_color=&#8220;#004ffe&#8220; button_two_bg_color=&#8220;#ffffff&#8220; button_two_border_width=&#8220;20px&#8220; button_two_border_color=&#8220;rgba(0,0,0,0)&#8220; button_two_border_radius=&#8220;0px&#8220; button_two_letter_spacing=&#8220;3px&#8220; button_two_font=&#8220;Libre Franklin|700||on|||||&#8220; button_two_icon=&#8220;%%3%%&#8220; custom_margin=&#8220;||||false&#8220; custom_padding=&#8220;3vw||8vw||false|&#8220; custom_padding_tablet=&#8220;80px||180px|&#8220; custom_padding_phone=&#8220;&#8220; custom_padding_last_edited=&#8220;on|phone&#8220; title_font_size_tablet=&#8220;54px&#8220; title_font_size_phone=&#8220;28px&#8220; title_font_size_last_edited=&#8220;on|phone&#8220; subhead_font_size_tablet=&#8220;54px&#8220; subhead_font_size_phone=&#8220;24px&#8220; subhead_font_size_last_edited=&#8220;on|phone&#8220; box_shadow_style_button_one=&#8220;preset4&#8243; box_shadow_horizontal_button_one=&#8220;-20px&#8220; box_shadow_vertical_button_one=&#8220;-20px&#8220; box_shadow_spread_button_one=&#8220;-5px&#8220; box_shadow_color_button_one=&#8220;rgba(0,79,254,0.4)&#8220; box_shadow_style_button_two=&#8220;preset4&#8243; box_shadow_horizontal_button_two=&#8220;20px&#8220; box_shadow_vertical_button_two=&#8220;20px&#8220; box_shadow_spread_button_two=&#8220;-5px&#8220; box_shadow_color_button_two=&#8220;rgba(255,255,255,0.2)&#8220; button_one_letter_spacing_hover=&#8220;3px&#8220; button_two_letter_spacing_hover=&#8220;3px&#8220; button_one_text_size__hover_enabled=&#8220;off&#8220; button_two_text_size__hover_enabled=&#8220;off&#8220; button_one_text_color__hover_enabled=&#8220;off&#8220; button_two_text_color__hover_enabled=&#8220;off&#8220; button_one_border_width__hover_enabled=&#8220;off&#8220; button_two_border_width__hover_enabled=&#8220;off&#8220; button_one_border_color__hover_enabled=&#8220;off&#8220; button_two_border_color__hover_enabled=&#8220;off&#8220; button_one_border_radius__hover_enabled=&#8220;off&#8220; button_two_border_radius__hover_enabled=&#8220;off&#8220; button_one_letter_spacing__hover_enabled=&#8220;on&#8220; button_one_letter_spacing__hover=&#8220;3px&#8220; button_two_letter_spacing__hover_enabled=&#8220;on&#8220; button_two_letter_spacing__hover=&#8220;3px&#8220; button_one_bg_color__hover_enabled=&#8220;off&#8220; button_two_bg_color__hover_enabled=&#8220;off&#8220;][\/et_pb_fullwidth_header][\/et_pb_section][et_pb_section fb_built=&#8220;1&#8243; admin_label=&#8220;Coaching&#8220; _builder_version=&#8220;4.6.2&#8243; custom_padding=&#8220;||275px|||&#8220; hover_enabled=&#8220;0&#8243; background_color=&#8220;#000000&#8243; sticky_enabled=&#8220;0&#8243;][et_pb_row _builder_version=&#8220;4.6.2&#8243; custom_margin=&#8220;-44px|auto||auto||&#8220; custom_padding=&#8220;1px|||||&#8220; hover_enabled=&#8220;0&#8243; background_color=&#8220;#ffffff&#8220; sticky_enabled=&#8220;0&#8243;][et_pb_column type=&#8220;4_4&#8243; _builder_version=&#8220;3.25&#8243; custom_padding=&#8220;|||&#8220; custom_padding__hover=&#8220;|||&#8220;][et_pb_gallery gallery_ids=&#8220;165,164,163,162,161,159,160,158,157,148,147,149,150,151,152,153,154,155,156,145,146,144,143,142,141,139,140,138,136,128,129,132,133,135,134,137&#8243; posts_number=&#8220;35&#8243; show_title_and_caption=&#8220;off&#8220; show_pagination=&#8220;off&#8220; _builder_version=&#8220;4.6.2&#8243; _module_preset=&#8220;default&#8220; custom_padding=&#8220;62px|46px||42px||&#8220;][\/et_pb_gallery][\/et_pb_column][\/et_pb_row][\/et_pb_section]<\/p>\n","protected":false},"excerpt":{"rendered":"<p>[et_pb_section fb_built=&#8220;1&#8243; fullwidth=&#8220;on&#8220; admin_label=&#8220;Header&#8220; _builder_version=&#8220;4.6.2&#8243; background_image=&#8220;http:\/\/drzenkl.cz\/wp-content\/uploads\/2020\/09\/vlak-1-e1602004858166.jpg&#8220; box_shadow_style=&#8220;preset7&#8243; box_shadow_horizontal=&#8220;0px&#8220; box_shadow_vertical=&#8220;-80px&#8220; box_shadow_color=&#8220;#000000&#8243;][et_pb_fullwidth_header title=&#8220;Reference&#8220; subhead=&#8220;Provozujeme vle\u010dky a m\u00edstn\u00ed dr\u00e1hy od roku 1994&#8243; button_two_url=&#8220;\/?page_id=77&#8243; logo_image_url=&#8220;http:\/\/drzenkl.cz\/wp-content\/uploads\/2020\/10\/electrician_04.png&#8220; content_max_width=&#8220;700px&#8220; _builder_version=&#8220;4.6.2&#8243; title_font=&#8220;Libre Franklin|700|||||||&#8220; title_font_size=&#8220;49px&#8220; title_line_height=&#8220;1.2em&#8220; subhead_font=&#8220;|600|||||||&#8220; subhead_text_color=&#8220;#ffb400&#8243; subhead_font_size=&#8220;20px&#8220; background_color=&#8220;rgba(0,0,0,0)&#8220; use_background_color_gradient=&#8220;on&#8220; background_color_gradient_start=&#8220;rgba(0,0,0,0)&#8220; background_color_gradient_end=&#8220;rgba(0,0,0,0.9)&#8220; background_color_gradient_type=&#8220;radial&#8220; background_color_gradient_direction_radial=&#8220;right&#8220; background_color_gradient_start_position=&#8220;10%&#8220; background_color_gradient_end_position=&#8220;60%&#8220; background_image=&#8220;http:\/\/drzenkl.cz\/wp-content\/uploads\/2020\/10\/electrician_17.png&#8220; background_position=&#8220;bottom_center&#8220; custom_button_one=&#8220;on&#8220; button_one_text_size=&#8220;14px&#8220; button_one_text_color=&#8220;#ffffff&#8220; button_one_bg_color=&#8220;#004ffe&#8220; button_one_border_width=&#8220;20px&#8220; button_one_border_color=&#8220;rgba(0,0,0,0)&#8220; button_one_border_radius=&#8220;0px&#8220; button_one_letter_spacing=&#8220;3px&#8220; button_one_font=&#8220;Libre Franklin|700||on|||||&#8220; button_one_icon=&#8220;%%3%%&#8220; custom_button_two=&#8220;on&#8220; button_two_text_size=&#8220;14px&#8220; button_two_text_color=&#8220;#004ffe&#8220; button_two_bg_color=&#8220;#ffffff&#8220; [&hellip;]<\/p>\n","protected":false},"author":1,"featured_media":0,"parent":0,"menu_order":0,"comment_status":"closed","ping_status":"closed","template":"","meta":{"_et_pb_use_builder":"on","_et_pb_old_content":"<!-- wp:divi\/placeholder \/-->","_et_gb_content_width":""},"_links":{"self":[{"href":"http:\/\/drzenkl.cz\/index.php?rest_route=\/wp\/v2\/pages\/75"}],"collection":[{"href":"http:\/\/drzenkl.cz\/index.php?rest_route=\/wp\/v2\/pages"}],"about":[{"href":"http:\/\/drzenkl.cz\/index.php?rest_route=\/wp\/v2\/types\/page"}],"author":[{"embeddable":true,"href":"http:\/\/drzenkl.cz\/index.php?rest_route=\/wp\/v2\/users\/1"}],"replies":[{"embeddable":true,"href":"http:\/\/drzenkl.cz\/index.php?rest_route=%2Fwp%2Fv2%2Fcomments&post=75"}],"version-history":[{"count":4,"href":"http:\/\/drzenkl.cz\/index.php?rest_route=\/wp\/v2\/pages\/75\/revisions"}],"predecessor-version":[{"id":257,"href":"http:\/\/drzenkl.cz\/index.php?rest_route=\/wp\/v2\/pages\/75\/revisions\/257"}],"wp:attachment":[{"href":"http:\/\/drzenkl.cz\/index.php?rest_route=%2Fwp%2Fv2%2Fmedia&parent=75"}],"curies":[{"name":"wp","href":"https:\/\/api.w.org\/{rel}","templated":true}]}}