{"id":71,"date":"2020-09-18T18:16:43","date_gmt":"2020-09-18T16:16:43","guid":{"rendered":"http:\/\/drzenkl.cz\/?page_id=71"},"modified":"2025-02-28T11:29:53","modified_gmt":"2025-02-28T10:29:53","slug":"opravy-a-udrzba-drah","status":"publish","type":"page","link":"http:\/\/drzenkl.cz\/?page_id=71","title":{"rendered":"Opravy a \u00fadr\u017eba drah"},"content":{"rendered":"<p>[et_pb_section fb_built=&#8220;1&#8243; fullwidth=&#8220;on&#8220; admin_label=&#8220;Header&#8220; _builder_version=&#8220;4.6.2&#8243; background_image=&#8220;http:\/\/drzenkl.cz\/wp-content\/uploads\/2020\/09\/vlak-1-e1602004858166.jpg&#8220; box_shadow_style=&#8220;preset7&#8243; box_shadow_horizontal=&#8220;0px&#8220; box_shadow_vertical=&#8220;-80px&#8220; box_shadow_color=&#8220;#000000&#8243;][et_pb_fullwidth_header title=&#8220;Opravy a \u00fadr\u017eba drah&#8220; subhead=&#8220;Provozujeme vle\u010dky a m\u00edstn\u00ed dr\u00e1hy od roku 1994&#8243; button_two_url=&#8220;\/?page_id=77&#8243; logo_image_url=&#8220;http:\/\/drzenkl.cz\/wp-content\/uploads\/2020\/10\/electrician_04.png&#8220; content_max_width=&#8220;700px&#8220; _builder_version=&#8220;4.6.2&#8243; title_font=&#8220;Libre Franklin|700|||||||&#8220; title_font_size=&#8220;49px&#8220; title_line_height=&#8220;1.2em&#8220; subhead_font=&#8220;|600|||||||&#8220; subhead_text_color=&#8220;#ffb400&#8243; subhead_font_size=&#8220;20px&#8220; background_color=&#8220;rgba(0,0,0,0)&#8220; use_background_color_gradient=&#8220;on&#8220; background_color_gradient_start=&#8220;rgba(0,0,0,0)&#8220; background_color_gradient_end=&#8220;rgba(0,0,0,0.9)&#8220; background_color_gradient_type=&#8220;radial&#8220; background_color_gradient_direction_radial=&#8220;right&#8220; background_color_gradient_start_position=&#8220;10%&#8220; background_color_gradient_end_position=&#8220;60%&#8220; background_image=&#8220;http:\/\/drzenkl.cz\/wp-content\/uploads\/2020\/10\/electrician_17.png&#8220; background_position=&#8220;bottom_center&#8220; custom_button_one=&#8220;on&#8220; button_one_text_size=&#8220;14px&#8220; button_one_text_color=&#8220;#ffffff&#8220; button_one_bg_color=&#8220;#004ffe&#8220; button_one_border_width=&#8220;20px&#8220; button_one_border_color=&#8220;rgba(0,0,0,0)&#8220; button_one_border_radius=&#8220;0px&#8220; button_one_letter_spacing=&#8220;3px&#8220; button_one_font=&#8220;Libre Franklin|700||on|||||&#8220; button_one_icon=&#8220;%%3%%&#8220; custom_button_two=&#8220;on&#8220; button_two_text_size=&#8220;14px&#8220; button_two_text_color=&#8220;#004ffe&#8220; button_two_bg_color=&#8220;#ffffff&#8220; button_two_border_width=&#8220;20px&#8220; button_two_border_color=&#8220;rgba(0,0,0,0)&#8220; button_two_border_radius=&#8220;0px&#8220; button_two_letter_spacing=&#8220;3px&#8220; button_two_font=&#8220;Libre Franklin|700||on|||||&#8220; button_two_icon=&#8220;%%3%%&#8220; custom_margin=&#8220;||||false&#8220; custom_padding=&#8220;3vw||8vw||false|&#8220; custom_padding_tablet=&#8220;80px||180px|&#8220; custom_padding_phone=&#8220;&#8220; custom_padding_last_edited=&#8220;on|phone&#8220; title_font_size_tablet=&#8220;54px&#8220; title_font_size_phone=&#8220;28px&#8220; title_font_size_last_edited=&#8220;on|phone&#8220; subhead_font_size_tablet=&#8220;54px&#8220; subhead_font_size_phone=&#8220;24px&#8220; subhead_font_size_last_edited=&#8220;on|phone&#8220; box_shadow_style_button_one=&#8220;preset4&#8243; box_shadow_horizontal_button_one=&#8220;-20px&#8220; box_shadow_vertical_button_one=&#8220;-20px&#8220; box_shadow_spread_button_one=&#8220;-5px&#8220; box_shadow_color_button_one=&#8220;rgba(0,79,254,0.4)&#8220; box_shadow_style_button_two=&#8220;preset4&#8243; box_shadow_horizontal_button_two=&#8220;20px&#8220; box_shadow_vertical_button_two=&#8220;20px&#8220; box_shadow_spread_button_two=&#8220;-5px&#8220; box_shadow_color_button_two=&#8220;rgba(255,255,255,0.2)&#8220; button_one_letter_spacing_hover=&#8220;3px&#8220; button_two_letter_spacing_hover=&#8220;3px&#8220; button_one_text_size__hover_enabled=&#8220;off&#8220; button_two_text_size__hover_enabled=&#8220;off&#8220; button_one_text_color__hover_enabled=&#8220;off&#8220; button_two_text_color__hover_enabled=&#8220;off&#8220; button_one_border_width__hover_enabled=&#8220;off&#8220; button_two_border_width__hover_enabled=&#8220;off&#8220; button_one_border_color__hover_enabled=&#8220;off&#8220; button_two_border_color__hover_enabled=&#8220;off&#8220; button_one_border_radius__hover_enabled=&#8220;off&#8220; button_two_border_radius__hover_enabled=&#8220;off&#8220; button_one_letter_spacing__hover_enabled=&#8220;on&#8220; button_one_letter_spacing__hover=&#8220;3px&#8220; button_two_letter_spacing__hover_enabled=&#8220;on&#8220; button_two_letter_spacing__hover=&#8220;3px&#8220; button_one_bg_color__hover_enabled=&#8220;off&#8220; button_two_bg_color__hover_enabled=&#8220;off&#8220;][\/et_pb_fullwidth_header][\/et_pb_section][et_pb_section fb_built=&#8220;1&#8243; admin_label=&#8220;Coaching&#8220; _builder_version=&#8220;3.22&#8243; background_color=&#8220;#000000&#8243; custom_padding=&#8220;25px|0px|64px|0px|false|false&#8220;][et_pb_row column_structure=&#8220;3_5,2_5&#8243; _builder_version=&#8220;3.25&#8243; custom_padding=&#8220;1px||37px|||&#8220;][et_pb_column type=&#8220;3_5&#8243; _builder_version=&#8220;3.25&#8243; custom_padding=&#8220;|||&#8220; custom_padding__hover=&#8220;|||&#8220;][et_pb_blurb title=&#8220;Opravy drah&#8220; use_icon=&#8220;on&#8220; font_icon=&#8220;%%24%%&#8220; icon_color=&#8220;#ffb400&#8243; icon_placement=&#8220;left&#8220; _builder_version=&#8220;4.6.2&#8243; header_font=&#8220;Libre Franklin|600|||||||&#8220; header_line_height=&#8220;1.8em&#8220; body_font=&#8220;||||||||&#8220; body_line_height=&#8220;1.8em&#8220; background_layout=&#8220;dark&#8220; custom_margin=&#8220;||11px|||&#8220; custom_padding=&#8220;25px|||||&#8220; animation=&#8220;off&#8220; locked=&#8220;off&#8220;]<\/p>\n<p>Zaji\u0161\u0165ujeme ve\u0161ker\u00e9 opravy a rekonstrukce vle\u010dek po cel\u00e9m \u00fazem\u00ed \u010cR v libovoln\u00e9m rozsahu.<\/p>\n<h6><\/h6>\n<ul>\n<li>v\u00fdm\u011bnu zetlel\u00fdch pra\u017ec\u016f<\/li>\n<li>brou\u0161en\u00ed srdcovek<\/li>\n<li>oprava v\u00fdhybek a v\u00fdkolejek<\/li>\n<li>oprava rozchodu<\/li>\n<li>zhotovv\u00e1n\u00ed a opravy povrchu silni\u010dn\u00edch p\u0159ejezd\u016f<\/li>\n<\/ul>\n<p>[\/et_pb_blurb][et_pb_blurb title=&#8220;\u00dadr\u017eba drah&#8220; use_icon=&#8220;on&#8220; font_icon=&#8220;%%24%%&#8220; icon_color=&#8220;#ffb400&#8243; icon_placement=&#8220;left&#8220; _builder_version=&#8220;4.6.2&#8243; header_font=&#8220;Libre Franklin|600|||||||&#8220; header_line_height=&#8220;1.8em&#8220; body_font=&#8220;||||||||&#8220; body_line_height=&#8220;1.8em&#8220; background_layout=&#8220;dark&#8220; custom_margin=&#8220;||60px|&#8220; custom_padding=&#8220;25px|||||&#8220; animation=&#8220;off&#8220; locked=&#8220;off&#8220;]<\/p>\n<h4><\/h4>\n<ul>\n<li>m\u00fdcen\u00ed, sek\u00e1n\u00ed a post\u0159ik vegetace v obvodu dr\u00e1hy<\/li>\n<li>\u010di\u0161t\u011bn\u00ed a maz\u00e1n\u00ed v\u00fdm\u011bn<\/li>\n<li>odstra\u0148ov\u00e1n\u00ed n\u00e1nosu v kolejov\u00e9m lo\u017ei<\/li>\n<\/ul>\n<p>[\/et_pb_blurb][\/et_pb_column][et_pb_column type=&#8220;2_5&#8243; _builder_version=&#8220;3.25&#8243; custom_padding=&#8220;|||&#8220; custom_padding__hover=&#8220;|||&#8220;][et_pb_image src=&#8220;http:\/\/drzenkl.cz\/wp-content\/uploads\/2020\/10\/koprava\u0301m-vlec\u030cek.jpg&#8220; title_text=&#8220;oprava vlec\u030cek&#8220; _builder_version=&#8220;4.6.2&#8243; _module_preset=&#8220;default&#8220; custom_padding=&#8220;38px|||||&#8220;][\/et_pb_image][et_pb_gallery _builder_version=&#8220;4.6.2&#8243; _module_preset=&#8220;default&#8220; gallery_ids=&#8220;318&#8243; hover_enabled=&#8220;0&#8243; sticky_enabled=&#8220;0&#8243;][\/et_pb_gallery][\/et_pb_column][\/et_pb_row][\/et_pb_section]<\/p>\n","protected":false},"excerpt":{"rendered":"<p>[et_pb_section fb_built=&#8220;1&#8243; fullwidth=&#8220;on&#8220; admin_label=&#8220;Header&#8220; _builder_version=&#8220;4.6.2&#8243; background_image=&#8220;http:\/\/drzenkl.cz\/wp-content\/uploads\/2020\/09\/vlak-1-e1602004858166.jpg&#8220; box_shadow_style=&#8220;preset7&#8243; box_shadow_horizontal=&#8220;0px&#8220; box_shadow_vertical=&#8220;-80px&#8220; box_shadow_color=&#8220;#000000&#8243;][et_pb_fullwidth_header title=&#8220;Opravy a \u00fadr\u017eba drah&#8220; subhead=&#8220;Provozujeme vle\u010dky a m\u00edstn\u00ed dr\u00e1hy od roku 1994&#8243; button_two_url=&#8220;\/?page_id=77&#8243; logo_image_url=&#8220;http:\/\/drzenkl.cz\/wp-content\/uploads\/2020\/10\/electrician_04.png&#8220; content_max_width=&#8220;700px&#8220; _builder_version=&#8220;4.6.2&#8243; title_font=&#8220;Libre Franklin|700|||||||&#8220; title_font_size=&#8220;49px&#8220; title_line_height=&#8220;1.2em&#8220; subhead_font=&#8220;|600|||||||&#8220; subhead_text_color=&#8220;#ffb400&#8243; subhead_font_size=&#8220;20px&#8220; background_color=&#8220;rgba(0,0,0,0)&#8220; use_background_color_gradient=&#8220;on&#8220; background_color_gradient_start=&#8220;rgba(0,0,0,0)&#8220; background_color_gradient_end=&#8220;rgba(0,0,0,0.9)&#8220; background_color_gradient_type=&#8220;radial&#8220; background_color_gradient_direction_radial=&#8220;right&#8220; background_color_gradient_start_position=&#8220;10%&#8220; background_color_gradient_end_position=&#8220;60%&#8220; background_image=&#8220;http:\/\/drzenkl.cz\/wp-content\/uploads\/2020\/10\/electrician_17.png&#8220; background_position=&#8220;bottom_center&#8220; custom_button_one=&#8220;on&#8220; button_one_text_size=&#8220;14px&#8220; button_one_text_color=&#8220;#ffffff&#8220; button_one_bg_color=&#8220;#004ffe&#8220; button_one_border_width=&#8220;20px&#8220; button_one_border_color=&#8220;rgba(0,0,0,0)&#8220; button_one_border_radius=&#8220;0px&#8220; button_one_letter_spacing=&#8220;3px&#8220; button_one_font=&#8220;Libre Franklin|700||on|||||&#8220; button_one_icon=&#8220;%%3%%&#8220; custom_button_two=&#8220;on&#8220; [&hellip;]<\/p>\n","protected":false},"author":1,"featured_media":0,"parent":0,"menu_order":0,"comment_status":"closed","ping_status":"closed","template":"","meta":{"_et_pb_use_builder":"on","_et_pb_old_content":"<!-- wp:divi\/placeholder \/-->","_et_gb_content_width":""},"_links":{"self":[{"href":"http:\/\/drzenkl.cz\/index.php?rest_route=\/wp\/v2\/pages\/71"}],"collection":[{"href":"http:\/\/drzenkl.cz\/index.php?rest_route=\/wp\/v2\/pages"}],"about":[{"href":"http:\/\/drzenkl.cz\/index.php?rest_route=\/wp\/v2\/types\/page"}],"author":[{"embeddable":true,"href":"http:\/\/drzenkl.cz\/index.php?rest_route=\/wp\/v2\/users\/1"}],"replies":[{"embeddable":true,"href":"http:\/\/drzenkl.cz\/index.php?rest_route=%2Fwp%2Fv2%2Fcomments&post=71"}],"version-history":[{"count":8,"href":"http:\/\/drzenkl.cz\/index.php?rest_route=\/wp\/v2\/pages\/71\/revisions"}],"predecessor-version":[{"id":322,"href":"http:\/\/drzenkl.cz\/index.php?rest_route=\/wp\/v2\/pages\/71\/revisions\/322"}],"wp:attachment":[{"href":"http:\/\/drzenkl.cz\/index.php?rest_route=%2Fwp%2Fv2%2Fmedia&parent=71"}],"curies":[{"name":"wp","href":"https:\/\/api.w.org\/{rel}","templated":true}]}}