{"id":69,"date":"2020-09-18T18:16:25","date_gmt":"2020-09-18T16:16:25","guid":{"rendered":"http:\/\/drzenkl.cz\/?page_id=69"},"modified":"2025-02-28T11:39:02","modified_gmt":"2025-02-28T10:39:02","slug":"provozovani-vlecek","status":"publish","type":"page","link":"http:\/\/drzenkl.cz\/?page_id=69","title":{"rendered":"Provozov\u00e1n\u00ed vle\u010dek"},"content":{"rendered":"<p>[et_pb_section fb_built=&#8220;1&#8243; fullwidth=&#8220;on&#8220; admin_label=&#8220;Header&#8220; _builder_version=&#8220;4.6.2&#8243; background_image=&#8220;http:\/\/drzenkl.cz\/wp-content\/uploads\/2020\/09\/vlak-1-e1602004858166.jpg&#8220; box_shadow_style=&#8220;preset7&#8243; box_shadow_horizontal=&#8220;0px&#8220; box_shadow_vertical=&#8220;-80px&#8220; box_shadow_color=&#8220;#000000&#8243;][et_pb_fullwidth_header title=&#8220;Provozov\u00e1n\u00ed vle\u010dek&#8220; subhead=&#8220;Provozujeme vle\u010dky a m\u00edstn\u00ed dr\u00e1hy od roku 1994&#8243; button_two_url=&#8220;\/?page_id=77&#8243; logo_image_url=&#8220;http:\/\/drzenkl.cz\/wp-content\/uploads\/2020\/10\/electrician_04.png&#8220; content_max_width=&#8220;700px&#8220; _builder_version=&#8220;4.6.2&#8243; title_font=&#8220;Libre Franklin|700|||||||&#8220; title_font_size=&#8220;49px&#8220; title_line_height=&#8220;1.2em&#8220; subhead_font=&#8220;|600|||||||&#8220; subhead_text_color=&#8220;#ffb400&#8243; subhead_font_size=&#8220;20px&#8220; background_color=&#8220;rgba(0,0,0,0)&#8220; use_background_color_gradient=&#8220;on&#8220; background_color_gradient_start=&#8220;rgba(0,0,0,0)&#8220; background_color_gradient_end=&#8220;rgba(0,0,0,0.9)&#8220; background_color_gradient_type=&#8220;radial&#8220; background_color_gradient_direction_radial=&#8220;right&#8220; background_color_gradient_start_position=&#8220;10%&#8220; background_color_gradient_end_position=&#8220;60%&#8220; background_image=&#8220;http:\/\/drzenkl.cz\/wp-content\/uploads\/2020\/10\/electrician_17.png&#8220; background_position=&#8220;bottom_center&#8220; custom_button_one=&#8220;on&#8220; button_one_text_size=&#8220;14px&#8220; button_one_text_color=&#8220;#ffffff&#8220; button_one_bg_color=&#8220;#004ffe&#8220; button_one_border_width=&#8220;20px&#8220; button_one_border_color=&#8220;rgba(0,0,0,0)&#8220; button_one_border_radius=&#8220;0px&#8220; button_one_letter_spacing=&#8220;3px&#8220; button_one_font=&#8220;Libre Franklin|700||on|||||&#8220; button_one_icon=&#8220;%%3%%&#8220; custom_button_two=&#8220;on&#8220; button_two_text_size=&#8220;14px&#8220; button_two_text_color=&#8220;#004ffe&#8220; button_two_bg_color=&#8220;#ffffff&#8220; button_two_border_width=&#8220;20px&#8220; button_two_border_color=&#8220;rgba(0,0,0,0)&#8220; button_two_border_radius=&#8220;0px&#8220; button_two_letter_spacing=&#8220;3px&#8220; button_two_font=&#8220;Libre Franklin|700||on|||||&#8220; button_two_icon=&#8220;%%3%%&#8220; custom_margin=&#8220;||||false&#8220; custom_padding=&#8220;3vw||8vw||false|&#8220; custom_padding_tablet=&#8220;80px||180px|&#8220; custom_padding_phone=&#8220;&#8220; custom_padding_last_edited=&#8220;on|phone&#8220; title_font_size_tablet=&#8220;54px&#8220; title_font_size_phone=&#8220;28px&#8220; title_font_size_last_edited=&#8220;on|phone&#8220; subhead_font_size_tablet=&#8220;54px&#8220; subhead_font_size_phone=&#8220;24px&#8220; subhead_font_size_last_edited=&#8220;on|phone&#8220; box_shadow_style_button_one=&#8220;preset4&#8243; box_shadow_horizontal_button_one=&#8220;-20px&#8220; box_shadow_vertical_button_one=&#8220;-20px&#8220; box_shadow_spread_button_one=&#8220;-5px&#8220; box_shadow_color_button_one=&#8220;rgba(0,79,254,0.4)&#8220; box_shadow_style_button_two=&#8220;preset4&#8243; box_shadow_horizontal_button_two=&#8220;20px&#8220; box_shadow_vertical_button_two=&#8220;20px&#8220; box_shadow_spread_button_two=&#8220;-5px&#8220; box_shadow_color_button_two=&#8220;rgba(255,255,255,0.2)&#8220; button_one_letter_spacing_hover=&#8220;3px&#8220; button_two_letter_spacing_hover=&#8220;3px&#8220; button_one_text_size__hover_enabled=&#8220;off&#8220; button_two_text_size__hover_enabled=&#8220;off&#8220; button_one_text_color__hover_enabled=&#8220;off&#8220; button_two_text_color__hover_enabled=&#8220;off&#8220; button_one_border_width__hover_enabled=&#8220;off&#8220; button_two_border_width__hover_enabled=&#8220;off&#8220; button_one_border_color__hover_enabled=&#8220;off&#8220; button_two_border_color__hover_enabled=&#8220;off&#8220; button_one_border_radius__hover_enabled=&#8220;off&#8220; button_two_border_radius__hover_enabled=&#8220;off&#8220; button_one_letter_spacing__hover_enabled=&#8220;on&#8220; button_one_letter_spacing__hover=&#8220;3px&#8220; button_two_letter_spacing__hover_enabled=&#8220;on&#8220; button_two_letter_spacing__hover=&#8220;3px&#8220; button_one_bg_color__hover_enabled=&#8220;off&#8220; button_two_bg_color__hover_enabled=&#8220;off&#8220;][\/et_pb_fullwidth_header][\/et_pb_section][et_pb_section fb_built=&#8220;1&#8243; admin_label=&#8220;Coaching&#8220; _builder_version=&#8220;3.22&#8243; background_color=&#8220;#000000&#8243; custom_padding=&#8220;15px|0px|0|0px|false|false&#8220;][et_pb_row column_structure=&#8220;3_5,2_5&#8243; _builder_version=&#8220;3.25&#8243; custom_padding=&#8220;1px|||||&#8220;][et_pb_column type=&#8220;3_5&#8243; _builder_version=&#8220;3.25&#8243; custom_padding=&#8220;|||&#8220; custom_padding__hover=&#8220;|||&#8220;][et_pb_text _builder_version=&#8220;4.6.2&#8243; text_font=&#8220;||||||||&#8220; text_font_size=&#8220;16px&#8220; text_line_height=&#8220;1.8em&#8220; header_font=&#8220;||||||||&#8220; header_2_font=&#8220;Libre Franklin|300|||||||&#8220; header_2_font_size=&#8220;42px&#8220; header_2_line_height=&#8220;1.4em&#8220; background_layout=&#8220;dark&#8220; locked=&#8220;off&#8220;]<\/p>\n<h2><\/h2>\n<p><strong><\/strong><\/p>\n<p>Provozov\u00e1n\u00ed vle\u010dek prov\u00e1d\u00edme ve smyslu \u00a711 a n\u00e1sl. na z\u00e1klad\u011b p\u0159\u00edkazn\u00ed smlouvy mezi na\u0161\u00ed spole\u010dnost\u00ed jako p\u0159\u00edkazn\u00edkem a vlastn\u00edkem (n\u00e1jemcem) vle\u010dky jako p\u0159\u00edkazcem.<\/p>\n<p>Z\u00e1kladn\u00ed \u00fakony zahrnuj\u00ed:<\/p>\n<p><strong><u>\u010cinnosti spr\u00e1vn\u00ed:<\/u><\/strong><\/p>\n<ol>\n<li>trval\u00e1 pr\u00e1vn\u00ed ochrana vlastn\u00edka vle\u010dky ve smyslu aplikace \u00a722a z\u00e1kona \u010d. 266\/1994 Sb.<\/li>\n<li>zpracov\u00e1n\u00ed vnit\u0159n\u00edch p\u0159edpis\u016f provozovatele dr\u00e1hy, prov\u00e1d\u011bn\u00ed jejich aktualizac\u00ed a zm\u011bn<\/li>\n<li>veden\u00ed dokumentace o dr\u00e1ze v\u010detn\u011b z\u00e1znam\u016f o proveden\u00fdch prohl\u00eddk\u00e1ch a m\u011b\u0159en\u00ed sou\u010d\u00e1st\u00ed koleji\u0161t\u011b vle\u010dky<\/li>\n<li>zaji\u0161\u0165ov\u00e1n\u00ed pravideln\u00fdch \u0161kolen\u00ed v\u0161ech pracovn\u00edk\u016f pod\u00edlej\u00edc\u00edch se na provozov\u00e1n\u00ed dr\u00e1hy a dr\u00e1\u017en\u00ed dopravy \u2013 vlastn\u00edme plnou akreditaci ke \u0161kolen\u00ed i zkou\u0161\u00e1cj funkc\u00ed provozn\u00edch (vyjma strojvedouc\u00edch)<\/li>\n<li>dohled nad veden\u00edm evidence odborn\u00e9 a zdravotn\u00ed zp\u016fsobilosti pracovn\u00edk\u016f pod\u00edlej\u00edc\u00edch se na provozov\u00e1n\u00ed dr\u00e1hy a dr\u00e1\u017en\u00ed dopravy a sledov\u00e1n\u00ed platnosti odborn\u00fdch \u0161kolen\u00ed<\/li>\n<li>sjedn\u00e1v\u00e1n\u00ed smluvn\u00edch podm\u00ednek s\u00a0provozovatelem sousedn\u00ed dr\u00e1hy<\/li>\n<li>dohled nad legalitou staveb dr\u00e1hy, staveb na dr\u00e1ze a staveb v\u00a0obvodu dr\u00e1hy a kontrola pln\u011bn\u00ed stanoven\u00fdch technick\u00fdch podm\u00ednek<\/li>\n<li>uzav\u0159en\u00ed p\u0159\u00edpadn\u00fdch nezbytn\u00fdch smluv na styku drah. Uzav\u0159en\u00ed nov\u00fdch smluv, z nich\u017e vypl\u00fdv\u00e1 finan\u010dn\u00ed pln\u011bn\u00ed k t\u00ed\u017ei p\u0159\u00edkazce, mus\u00ed tento, nebo j\u00edm ur\u010den\u00e1 osoba, odsouhlasit p\u00edsemn\u011b \u010di elektronicky p\u0159edem.<\/li>\n<\/ol>\n<p><strong><u>\u010cinnosti provozn\u00ed:<\/u><\/strong><\/p>\n<p>Prohl\u00eddky a m\u011b\u0159en\u00ed sou\u010d\u00e1st\u00ed koleji\u0161t\u011b vle\u010dky v\u010detn\u011b mostn\u00edch objekt\u016f dle p\u0159\u00edlohy \u010d. 1 vyhl\u00e1\u0161ky \u010d. 177\/1995 Sb.:<\/p>\n<ol>\n<li>Obch\u016fzka trati s m\u011b\u0159en\u00edm koleje<\/li>\n<li>M\u011b\u0159en\u00ed rozchodu, vz\u00e1jemn\u00e9 v\u00fd\u0161kov\u00e9 polohy kolejnicov\u00fdch p\u00e1s\u016f a sm\u011bru kolej\u00ed<\/li>\n<li>M\u011b\u0159en\u00ed v\u00fd\u0161kov\u00e9 polohy kolejnicov\u00fdch p\u00e1s\u016f a rozchodu ve v\u00fdhybk\u00e1ch<\/li>\n<li>Kontrola pr\u016fjezdn\u00e9ho pr\u016f\u0159ezu koleje<\/li>\n<li>Prohl\u00eddka v\u00fdhybek<\/li>\n<li>Komplexn\u00ed prohl\u00eddka vle\u010dky<\/li>\n<li>Prohl\u00eddka most\u016f, objekt\u016f most\u016fm podobn\u00fdch<\/li>\n<li>Prohl\u00eddka sd\u011blovac\u00edho a zabezpe\u010dovac\u00edho za\u0159\u00edzen\u00ed<\/li>\n<li>Komplexn\u00ed prohl\u00eddka sd\u011blovac\u00edho a zabezpe\u010dovac\u00edho za\u0159\u00edzen\u00ed<\/li>\n<li>M\u011b\u0159en\u00ed trak\u010dn\u00edho veden\u00ed m\u011b\u0159\u00edc\u00edm vozem v\u0161echny koleje<\/li>\n<li>Prohl\u00eddka p\u0159ejezd\u016f a p\u0159echod\u016f p\u0159ejezdy a p\u0159echody na vle\u010dce<\/li>\n<\/ol>\n<p>Licence k provozov\u00e1n dr\u00e1\u017en\u00ed dopravy <a href=\"http:\/\/drzenkl.cz\/wp-content\/uploads\/2020\/09\/Webovky-provozova\u0301ni\u0301-vlec\u030cek-LICENCE-UNIVERS-ALNI.pdf\" target=\"_blank\" rel=\"noopener noreferrer\">ZDE<\/a><\/p>\n<p>&nbsp;<\/p>\n<p>[\/et_pb_text][\/et_pb_column][et_pb_column type=&#8220;2_5&#8243; _builder_version=&#8220;3.25&#8243; custom_padding=&#8220;|||&#8220; custom_padding__hover=&#8220;|||&#8220;][et_pb_blurb title=&#8220;Vlastn\u00edte hnac\u00ed vozidlo (lokomotivu), mo\u017en\u00e1 i s \u0159idi\u010dem?&#8220; use_icon=&#8220;on&#8220; font_icon=&#8220;%%24%%&#8220; icon_color=&#8220;#ffb400&#8243; icon_placement=&#8220;left&#8220; _builder_version=&#8220;4.6.2&#8243; header_font=&#8220;Libre Franklin|600|||||||&#8220; header_line_height=&#8220;1.8em&#8220; body_font=&#8220;||||||||&#8220; body_line_height=&#8220;1.8em&#8220; background_layout=&#8220;dark&#8220; custom_margin=&#8220;||60px|&#8220; custom_padding=&#8220;25px|||||&#8220; animation=&#8220;off&#8220; locked=&#8220;off&#8220;]<\/p>\n<h4><\/h4>\n<ul>\n<li>Pokryjeme provozov\u00e1n\u00ed dr\u00e1\u017en\u00ed dopravy na\u0161\u00ed univers\u00e1ln\u00ed licenc\u00ed, platnou pro v\u0161echny vle\u010dky v \u010cesk\u00e9 republice<\/li>\n<li>Zajist\u00edme ve\u0161ker\u00e9 p\u0159edepsan\u00e9 periodick\u00e9 prohl\u00eddky, revize a zkou\u0161ky hnac\u00edho vozidla<\/li>\n<\/ul>\n<p>[\/et_pb_blurb][\/et_pb_column][\/et_pb_row][et_pb_row _builder_version=&#8220;4.6.2&#8243; _module_preset=&#8220;default&#8220; column_structure=&#8220;2_3,1_3&#8243;][et_pb_column _builder_version=&#8220;4.6.2&#8243; _module_preset=&#8220;default&#8220; type=&#8220;2_3&#8243;][et_pb_image src=&#8220;http:\/\/drzenkl.cz\/wp-content\/uploads\/2025\/02\/JAN-ZENKL-IV-mm-..jpg&#8220; _builder_version=&#8220;4.6.2&#8243; _module_preset=&#8220;default&#8220; title_text=&#8220;JUDr. Jan Zenkl&#8220; hover_enabled=&#8220;0&#8243; sticky_enabled=&#8220;0&#8243;][\/et_pb_image][\/et_pb_column][et_pb_column _builder_version=&#8220;4.6.2&#8243; _module_preset=&#8220;default&#8220; type=&#8220;1_3&#8243;][\/et_pb_column][\/et_pb_row][\/et_pb_section][et_pb_section fb_built=&#8220;1&#8243; _builder_version=&#8220;4.6.2&#8243; _module_preset=&#8220;default&#8220;][\/et_pb_section]<\/p>\n","protected":false},"excerpt":{"rendered":"<p>[et_pb_section fb_built=&#8220;1&#8243; fullwidth=&#8220;on&#8220; admin_label=&#8220;Header&#8220; _builder_version=&#8220;4.6.2&#8243; background_image=&#8220;http:\/\/drzenkl.cz\/wp-content\/uploads\/2020\/09\/vlak-1-e1602004858166.jpg&#8220; box_shadow_style=&#8220;preset7&#8243; box_shadow_horizontal=&#8220;0px&#8220; box_shadow_vertical=&#8220;-80px&#8220; box_shadow_color=&#8220;#000000&#8243;][et_pb_fullwidth_header title=&#8220;Provozov\u00e1n\u00ed vle\u010dek&#8220; subhead=&#8220;Provozujeme vle\u010dky a m\u00edstn\u00ed dr\u00e1hy od roku 1994&#8243; button_two_url=&#8220;\/?page_id=77&#8243; logo_image_url=&#8220;http:\/\/drzenkl.cz\/wp-content\/uploads\/2020\/10\/electrician_04.png&#8220; content_max_width=&#8220;700px&#8220; _builder_version=&#8220;4.6.2&#8243; title_font=&#8220;Libre Franklin|700|||||||&#8220; title_font_size=&#8220;49px&#8220; title_line_height=&#8220;1.2em&#8220; subhead_font=&#8220;|600|||||||&#8220; subhead_text_color=&#8220;#ffb400&#8243; subhead_font_size=&#8220;20px&#8220; background_color=&#8220;rgba(0,0,0,0)&#8220; use_background_color_gradient=&#8220;on&#8220; background_color_gradient_start=&#8220;rgba(0,0,0,0)&#8220; background_color_gradient_end=&#8220;rgba(0,0,0,0.9)&#8220; background_color_gradient_type=&#8220;radial&#8220; background_color_gradient_direction_radial=&#8220;right&#8220; background_color_gradient_start_position=&#8220;10%&#8220; background_color_gradient_end_position=&#8220;60%&#8220; background_image=&#8220;http:\/\/drzenkl.cz\/wp-content\/uploads\/2020\/10\/electrician_17.png&#8220; background_position=&#8220;bottom_center&#8220; custom_button_one=&#8220;on&#8220; button_one_text_size=&#8220;14px&#8220; button_one_text_color=&#8220;#ffffff&#8220; button_one_bg_color=&#8220;#004ffe&#8220; button_one_border_width=&#8220;20px&#8220; button_one_border_color=&#8220;rgba(0,0,0,0)&#8220; button_one_border_radius=&#8220;0px&#8220; button_one_letter_spacing=&#8220;3px&#8220; button_one_font=&#8220;Libre Franklin|700||on|||||&#8220; button_one_icon=&#8220;%%3%%&#8220; custom_button_two=&#8220;on&#8220; button_two_text_size=&#8220;14px&#8220; button_two_text_color=&#8220;#004ffe&#8220; [&hellip;]<\/p>\n","protected":false},"author":1,"featured_media":0,"parent":0,"menu_order":0,"comment_status":"closed","ping_status":"closed","template":"","meta":{"_et_pb_use_builder":"on","_et_pb_old_content":"<!-- wp:divi\/placeholder \/-->","_et_gb_content_width":""},"_links":{"self":[{"href":"http:\/\/drzenkl.cz\/index.php?rest_route=\/wp\/v2\/pages\/69"}],"collection":[{"href":"http:\/\/drzenkl.cz\/index.php?rest_route=\/wp\/v2\/pages"}],"about":[{"href":"http:\/\/drzenkl.cz\/index.php?rest_route=\/wp\/v2\/types\/page"}],"author":[{"embeddable":true,"href":"http:\/\/drzenkl.cz\/index.php?rest_route=\/wp\/v2\/users\/1"}],"replies":[{"embeddable":true,"href":"http:\/\/drzenkl.cz\/index.php?rest_route=%2Fwp%2Fv2%2Fcomments&post=69"}],"version-history":[{"count":10,"href":"http:\/\/drzenkl.cz\/index.php?rest_route=\/wp\/v2\/pages\/69\/revisions"}],"predecessor-version":[{"id":326,"href":"http:\/\/drzenkl.cz\/index.php?rest_route=\/wp\/v2\/pages\/69\/revisions\/326"}],"wp:attachment":[{"href":"http:\/\/drzenkl.cz\/index.php?rest_route=%2Fwp%2Fv2%2Fmedia&parent=69"}],"curies":[{"name":"wp","href":"https:\/\/api.w.org\/{rel}","templated":true}]}}